{"id":11508,"date":"2023-12-23T22:48:33","date_gmt":"2023-12-23T22:48:33","guid":{"rendered":"https:\/\/meczennicy.waw.pl\/?page_id=11508"},"modified":"2024-01-06T07:46:00","modified_gmt":"2024-01-06T07:46:00","slug":"plan-koledy-24","status":"publish","type":"page","link":"https:\/\/meczennicy.waw.pl\/index.php\/plan-koledy-24\/","title":{"rendered":"Plan kol\u0119dy &#8217;24"},"content":{"rendered":"<div data-colibri-id=\"11508-c1\" class=\"style-9981 style-local-11508-c1 position-relative\">\n  <!---->\n  <div data-colibri-component=\"section\" data-colibri-id=\"11508-c2\" id=\"custom\" class=\"h-section h-section-global-spacing d-flex align-items-lg-center align-items-md-center align-items-center style-9982 style-local-11508-c2 position-relative\">\n    <!---->\n    <!---->\n    <div class=\"h-section-grid-container h-section-boxed-container\">\n      <!---->\n      <div data-colibri-id=\"11508-c3\" class=\"h-row-container gutters-row-lg-2 gutters-row-md-2 gutters-row-0 gutters-row-v-lg-2 gutters-row-v-md-2 gutters-row-v-2 style-9983 style-local-11508-c3 position-relative\">\n        <!---->\n        <div class=\"h-row justify-content-lg-center justify-content-md-center justify-content-center align-items-lg-stretch align-items-md-stretch align-items-stretch gutters-col-lg-2 gutters-col-md-2 gutters-col-0 gutters-col-v-lg-2 gutters-col-v-md-2 gutters-col-v-2\">\n          <!---->\n          <div class=\"h-column h-column-container d-flex h-col-lg-auto h-col-md-auto h-col-auto style-9984-outer style-local-11508-c4-outer\">\n            <div data-colibri-id=\"11508-c4\" class=\"d-flex h-flex-basis h-column__inner h-px-lg-2 h-px-md-2 h-px-2 v-inner-lg-2 v-inner-md-2 v-inner-2 style-9984 style-local-11508-c4 position-relative\">\n              <!---->\n              <!---->\n              <div class=\"w-100 h-y-container h-column__content h-column__v-align flex-basis-100 align-self-lg-start align-self-md-start align-self-start\">\n                <!---->\n                <div data-colibri-id=\"11508-c5\" class=\"h-text h-text-component style-9996 style-local-11508-c5 position-relative h-element\">\n                  <!---->\n                  <!---->\n                  <div class=\"\">\n                    <p><strong>Plan Wizyty Duszpasterskiej 2024<\/strong><\/p>\n                    <p><strong>do rodzin, kt\u00f3re z\u0142o\u017cy\u0142y zaproszenie<\/strong><\/p>\n                    <p><strong><u>Wieczorem w godzinach 17:30 &#8211; 21:30<\/u><\/strong><\/p>\n                    <p>\n                      <br>\n                    <\/p>\n                    <p><strong>Poniedzia\u0142ek 8 stycznia<\/strong><\/p>\n                    <p>Majda\u0144ska 13 do nr 95;<\/p>\n                    <p>1 ksi\u0105dz<\/p>\n                    <p>\n                      <br>\n                    <\/p>\n                    <p>\n                      <br>\n                    <\/p>\n                    <p>Majda\u0144ska 13 od nr 103;<\/p>\n                    <p>Spalinowa 3;<\/p>\n                    <p>Spalinowa 9;<\/p>\n                    <p>1 ksi\u0105dz od 20.00<\/p>\n                    <p>\n                      <br>\n                    <\/p>\n                    <p>Wzorcowa 26;<\/p>\n                    <p>Wzorcowa 27;<\/p>\n                    <p>Stan\u00f3w Zjed. 42;<\/p>\n                    <p>Stan\u00f3w Zjed. 44;<\/p>\n                    <p>Stan\u00f3w Zjed. 46;<\/p>\n                    <p>1 ksi\u0105dz<\/p>\n                    <p>\n                      <br>\n                    <\/p>\n                    <p><strong>Wtorek&nbsp;9 stycznia<\/strong><\/p>\n                    <p>Fundamentowa 41a;<\/p>\n                    <p>Fundamentowa 44;<\/p>\n                    <p>Fundamentowa 53;<\/p>\n                    <p>1 ksi\u0105dz<\/p>\n                    <p>\n                      <br>\n                    <\/p>\n                    <p>Fundamentowa 45\/47;<\/p>\n                    <p>Fundamentowa 49\/51;<\/p>\n                    <p>Grenadier\u00f3w 29;<\/p>\n                    <p>1 ksi\u0105dz<\/p>\n                    <p>\n                      <br>\n                    <\/p>\n                    <p>Dar\u0142owska 1a;<\/p>\n                    <p>Dar\u0142owska 3;<\/p>\n                    <p>Dar\u0142owska 5a;<\/p>\n                    <p>Dar\u0142owska 7;<\/p>\n                    <p>1 ksi\u0105dz od 19.00<\/p>\n                    <p>\n                      <br>\n                    <\/p>\n                    <p><strong>Czwartek 11 stycznia<\/strong><\/p>\n                    <p>Grenadier\u00f3w 4;<\/p>\n                    <p>Grenadier\u00f3w 6a;<\/p>\n                    <p>Grenadier\u00f3w 8;<\/p>\n                    <p>Grenadier\u00f3w 9 do nr 25;<\/p>\n                    <p>1 ksi\u0105dz<\/p>\n                    <p>\n                      <br>\n                    <\/p>\n                    <p>Grenadier\u00f3w 9 od nr 26;<\/p>\n                    <p>Grenadier\u00f3w 10a;<\/p>\n                    <p>Grenadier\u00f3w 12;<\/p>\n                    <p>Grenadier\u00f3w 13 do nr 13;<\/p>\n                    <p>1 ksi\u0105dz<\/p>\n                    <p>\n                      <br>\n                    <\/p>\n                    <p>Grenadier\u00f3w 13 od nr 23 do nr 72;<\/p>\n                    <p>1 ksi\u0105dz od 19.00<\/p>\n                    <p>\n                      <br>\n                    <\/p>\n                    <p><strong>Pi\u0105tek 12 stycznia<\/strong><\/p>\n                    <p>I Praskiego Pu\u0142ku 4;<\/p>\n                    <p>I Praskiego Pu\u0142ku 7;<\/p>\n                    <p>I Praskiego Pu\u0142ku 8;<\/p>\n                    <p>\u015awi\u0119tos\u0142awska 1;<\/p>\n                    <p>1 ksi\u0105dz<\/p>\n                    <p>\n                      <br>\n                    <\/p>\n                    <p>\u015awi\u0119tos\u0142awska 2;<\/p>\n                    <p>\u015awi\u0119tos\u0142awska 5;<\/p>\n                    <p>\u015awi\u0119tos\u0142awska 18\/20;<\/p>\n                    <p>1 ksi\u0105dz<\/p>\n                    <p>\n                      <br>\n                    <\/p>\n                    <p>Grenadier\u00f3w 13 od nr 82;<\/p>\n                    <p>Grenadier\u00f3w 15;<\/p>\n                    <p>Grenadier\u00f3w 17;<\/p>\n                    <p>1 ksi\u0105dz od 19.00<\/p>\n                    <p>\n                      <br>\n                    <\/p>\n                    <p><strong>Sobota 13 stycznia<\/strong><\/p>\n                    <p>Suchodolska 2a;<\/p>\n                    <p>Suchodolska 24;<\/p>\n                    <p>Cyraneczki 1;<\/p>\n                    <p>1 ksi\u0105dz<\/p>\n                    <p>\n                      <br>\n                    <\/p>\n                    <p>Walewska 1;<\/p>\n                    <p>Walewska 2;<\/p>\n                    <p>1 ksi\u0105dz<\/p>\n                    <p>\n                      <br>\n                    <\/p>\n                    <p>Grenadier\u00f3w 30b;<\/p>\n                    <p>Grenadier\u00f3w 39;<\/p>\n                    <p>Grenadier\u00f3w 40;<\/p>\n                    <p>1 ksi\u0105dz od 19.00<\/p>\n                    <p>\n                      <br>\n                    <\/p>\n                    <p><strong>Poniedzia\u0142ek&nbsp;15 stycznia<\/strong><\/p>\n                    <p>Garibaldiego 4;<\/p>\n                    <p>Garibaldiego 5;<\/p>\n                    <p>Garibaldiego 7;<\/p>\n                    <p>1 ksi\u0105dz<\/p>\n                    <p>\n                      <br>\n                    <\/p>\n                    <p>Kirasjer\u00f3w 4;<\/p>\n                    <p>Kirasjer\u00f3w 4a;<\/p>\n                    <p>Kirasjer\u00f3w 4b;<\/p>\n                    <p>1 ksi\u0105dz<\/p>\n                    <p>\n                      <br>\n                    <\/p>\n                    <p>Kirasjer\u00f3w 6;<\/p>\n                    <p>Kirasjer\u00f3w 8;<\/p>\n                    <p>Kirasjer\u00f3w 10;<\/p>\n                    <p>1 ksi\u0105dz od 19.00<\/p>\n                    <p>\n                      <br>\n                    <\/p>\n                    <p>\n                      <br>\n                    <\/p>\n                    <p><strong>Wtorek 16 stycznia<\/strong><\/p>\n                    <p>Ostrobramska 126;<\/p>\n                    <p>Ostrobramska 128 do nr 25;<\/p>\n                    <p>1 ksi\u0105dz<\/p>\n                    <p>\n                      <br>\n                    <\/p>\n                    <p>Ostrobramska 128 od nr 28;<\/p>\n                    <p>Ostrobramska 130;<\/p>\n                    <p>Ostrobramska 132;<\/p>\n                    <p>Ostrobramska 132a;<\/p>\n                    <p>1 ksi\u0105dz<\/p>\n                    <p>\n                      <br>\n                    <\/p>\n                    <p>Ostrobramska 134;<\/p>\n                    <p>Ostrobramska 136<\/p>\n                    <p>1 ksi\u0105dz<\/p>\n                    <p>\n                      <br>\n                    <\/p>\n                    <p><strong>\u015aroda 17 stycznia<\/strong><\/p>\n                    <p>Roz\u0142ucka 10;<\/p>\n                    <p>Roz\u0142ucka 11;<\/p>\n                    <p>Roz\u0142ucka 13;<\/p>\n                    <p>Roz\u0142ucka 14;<\/p>\n                    <p>1 ksi\u0105dz<\/p>\n                    <p>\n                      <br>\n                    <\/p>\n                    <p>Roz\u0142ucka 16;<\/p>\n                    <p>1 ksi\u0105dz od 20.00<\/p>\n                    <p>\n                      <br>\n                    <\/p>\n                    <p>Turbinowa 3;<\/p>\n                    <p>Turbinowa 6;<\/p>\n                    <p>W\u0105wolnicka 1;<\/p>\n                    <p>W\u0105wolnicka 4;<\/p>\n                    <p>W\u0105wolnicka 6;<\/p>\n                    <p>1 ksi\u0105dz<\/p>\n                    <p>\n                      <br>\n                    <\/p>\n                    <p><strong>Czwartek 18 stycznia<\/strong><\/p>\n                    <p>Walewska 3;<\/p>\n                    <p>Walewska 5;<\/p>\n                    <p>Walewska 5a;<\/p>\n                    <p>1 ksi\u0105dz<\/p>\n                    <p>\n                      <br>\n                    <\/p>\n                    <p>Walewska 6;<\/p>\n                    <p>Walewska 7a;<\/p>\n                    <p>Walewska 8;<\/p>\n                    <p>Walewska 10;<\/p>\n                    <p>1 ksi\u0105dz<\/p>\n                    <p>\n                      <br>\n                    <\/p>\n                    <p>Walewska 4a<\/p>\n                    <p>1 ksi\u0105dz od 19:00<\/p>\n                    <p>\n                      <br>\n                    <\/p>\n                    <p>\n                      <br>\n                    <\/p>\n                  <\/div>\n                <\/div>\n              <\/div>\n            <\/div>\n          <\/div>\n        <\/div>\n      <\/div>\n    <\/div>\n  <\/div>\n<\/div>","protected":false},"excerpt":{"rendered":"<p>Plan Wizyty Duszpasterskiej 2024 do rodzin, kt\u00f3re z\u0142o\u017cy\u0142y zaproszenie Wieczorem w godzinach 17:30 &#8211; 21:30 Poniedzia\u0142ek 8 stycznia Majda\u0144ska 13 do nr 95; 1 ksi\u0105dz Majda\u0144ska 13 od nr 103; Spalinowa 3; Spalinowa 9; 1 ksi\u0105dz od 20.00 Wzorcowa 26; Wzorcowa 27; Stan\u00f3w Zjed. 42; Stan\u00f3w Zjed. 44; Stan\u00f3w Zjed. 46; 1 ksi\u0105dz Wtorek&nbsp;9 stycznia [&hellip;]<\/p>\n","protected":false},"author":2,"featured_media":0,"parent":0,"menu_order":0,"comment_status":"closed","ping_status":"closed","template":"page-templates\/full-width-page.php","meta":{"footnotes":""},"class_list":["post-11508","page","type-page","status-publish","hentry"],"_links":{"self":[{"href":"https:\/\/meczennicy.waw.pl\/index.php\/wp-json\/wp\/v2\/pages\/11508","targetHints":{"allow":["GET"]}}],"collection":[{"href":"https:\/\/meczennicy.waw.pl\/index.php\/wp-json\/wp\/v2\/pages"}],"about":[{"href":"https:\/\/meczennicy.waw.pl\/index.php\/wp-json\/wp\/v2\/types\/page"}],"author":[{"embeddable":true,"href":"https:\/\/meczennicy.waw.pl\/index.php\/wp-json\/wp\/v2\/users\/2"}],"replies":[{"embeddable":true,"href":"https:\/\/meczennicy.waw.pl\/index.php\/wp-json\/wp\/v2\/comments?post=11508"}],"version-history":[{"count":9,"href":"https:\/\/meczennicy.waw.pl\/index.php\/wp-json\/wp\/v2\/pages\/11508\/revisions"}],"predecessor-version":[{"id":11633,"href":"https:\/\/meczennicy.waw.pl\/index.php\/wp-json\/wp\/v2\/pages\/11508\/revisions\/11633"}],"wp:attachment":[{"href":"https:\/\/meczennicy.waw.pl\/index.php\/wp-json\/wp\/v2\/media?parent=11508"}],"curies":[{"name":"wp","href":"https:\/\/api.w.org\/{rel}","templated":true}]}}