{"id":14166,"date":"2026-05-12T12:28:29","date_gmt":"2026-05-12T12:28:29","guid":{"rendered":"https:\/\/meczennicy.waw.pl\/?page_id=14166"},"modified":"2026-05-13T13:57:03","modified_gmt":"2026-05-13T13:57:03","slug":"ustawakamilka","status":"publish","type":"page","link":"https:\/\/meczennicy.waw.pl\/index.php\/ustawakamilka\/","title":{"rendered":"ustawa kamilka"},"content":{"rendered":"<div data-colibri-id=\"14166-c1\" class=\"style-10168 style-local-14166-c1 position-relative\">\n  <!---->\n  <div data-colibri-component=\"section\" data-colibri-id=\"14166-c2\" id=\"custom\" class=\"h-section h-section-global-spacing d-flex align-items-lg-center align-items-md-center align-items-center style-10169 style-local-14166-c2 position-relative\">\n    <!---->\n    <!---->\n    <div class=\"h-section-grid-container h-section-boxed-container\">\n      <!---->\n      <div data-colibri-id=\"14166-c3\" class=\"h-row-container gutters-row-lg-2 gutters-row-md-2 gutters-row-0 gutters-row-v-lg-2 gutters-row-v-md-2 gutters-row-v-2 style-10170 style-local-14166-c3 position-relative\">\n        <!---->\n        <div class=\"h-row justify-content-lg-center justify-content-md-center justify-content-center align-items-lg-stretch align-items-md-stretch align-items-stretch gutters-col-lg-2 gutters-col-md-2 gutters-col-0 gutters-col-v-lg-2 gutters-col-v-md-2 gutters-col-v-2\">\n          <!---->\n          <div class=\"h-column h-column-container d-flex h-col-lg-auto h-col-md-auto h-col-auto style-10171-outer style-local-14166-c4-outer\">\n            <div data-colibri-id=\"14166-c4\" class=\"d-flex h-flex-basis h-column__inner h-px-lg-2 h-px-md-2 h-px-2 v-inner-lg-2 v-inner-md-2 v-inner-2 style-10171 style-local-14166-c4 position-relative\">\n              <!---->\n              <!---->\n              <div class=\"w-100 h-y-container h-column__content h-column__v-align flex-basis-100 align-self-lg-start align-self-md-start align-self-start\">\n                <!---->\n                <div data-colibri-id=\"14166-c5\" class=\"d-block style-10172 style-local-14166-c5 position-relative h-element\">\n                  <!---->\n                  <div class=\"h-image__frame-container-outer\">\n                    <div class=\"h-image__frame-container\">\n                      <!---->\n                      <!---->\n                      <img loading=\"lazy\" decoding=\"async\" width=\"1920\" height=\"810\" src=\"https:\/\/meczennicy.waw.pl\/wp-content\/uploads\/2026\/05\/1920x810.jpg\" class=\"wp-image-14170 style-10172-image style-local-14166-c5-image\" alt=\"\" srcset=\"https:\/\/meczennicy.waw.pl\/wp-content\/uploads\/2026\/05\/1920x810.jpg 1920w, https:\/\/meczennicy.waw.pl\/wp-content\/uploads\/2026\/05\/1920x810-300x127.jpg 300w, https:\/\/meczennicy.waw.pl\/wp-content\/uploads\/2026\/05\/1920x810-1024x432.jpg 1024w, https:\/\/meczennicy.waw.pl\/wp-content\/uploads\/2026\/05\/1920x810-768x324.jpg 768w, https:\/\/meczennicy.waw.pl\/wp-content\/uploads\/2026\/05\/1920x810-1536x648.jpg 1536w\" sizes=\"auto, (max-width: 1920px) 100vw, 1920px\" \/>\n                      <div class=\"h-image__frame h-hide-lg h-hide-md h-hide-sm style-10172-frameImage style-local-14166-c5-frameImage\"><\/div>\n                    <\/div>\n                  <\/div>\n                <\/div>\n              <\/div>\n            <\/div>\n          <\/div>\n        <\/div>\n      <\/div>\n    <\/div>\n  <\/div>\n  <div data-colibri-component=\"section\" data-colibri-id=\"14166-c6\" id=\"custom-2\" class=\"h-section h-section-global-spacing d-flex align-items-lg-center align-items-md-center align-items-center style-10173 style-local-14166-c6 position-relative\">\n    <!---->\n    <!---->\n    <div class=\"h-section-grid-container h-section-boxed-container\">\n      <!---->\n      <div data-colibri-id=\"14166-c7\" class=\"h-row-container gutters-row-lg-2 gutters-row-md-2 gutters-row-0 gutters-row-v-lg-2 gutters-row-v-md-2 gutters-row-v-2 style-10174 style-local-14166-c7 position-relative\">\n        <!---->\n        <div class=\"h-row justify-content-lg-center justify-content-md-center justify-content-center align-items-lg-stretch align-items-md-stretch align-items-stretch gutters-col-lg-2 gutters-col-md-2 gutters-col-0 gutters-col-v-lg-2 gutters-col-v-md-2 gutters-col-v-2\">\n          <!---->\n          <div class=\"h-column h-column-container d-flex h-col-lg-auto h-col-md-auto h-col-auto style-10175-outer style-local-14166-c8-outer\">\n            <div data-colibri-id=\"14166-c8\" class=\"d-flex h-flex-basis h-column__inner h-px-lg-2 h-px-md-2 h-px-2 v-inner-lg-2 v-inner-md-2 v-inner-2 style-10175 style-local-14166-c8 position-relative\">\n              <!---->\n              <!---->\n              <div class=\"w-100 h-y-container h-column__content h-column__v-align flex-basis-100 align-self-lg-start align-self-md-start align-self-start\">\n                <!---->\n                <div data-colibri-id=\"14166-c9\" class=\"h-global-transition-all h-heading style-10176 style-local-14166-c9 position-relative h-element\">\n                  <!---->\n                  <div class=\"h-heading__outer style-10176 style-local-14166-c9\">\n                    <!---->\n                    <!---->\n                    <h6 class=\"\">Publikujemy polityk\u0119 ochrony dzieci w duszpasterstwie parafialnym Parafii matki bo\u017cej kr\u00f3lowej polskich m\u0119czennik\u00f3w w Warszawie.<\/h6>\n                  <\/div>\n                <\/div>\n                <div data-colibri-id=\"14166-c10\" class=\"h-x-container style-10179 style-local-14166-c10 position-relative h-element\">\n                  <!---->\n                  <div class=\"h-x-container-inner style-dynamic-14166-c10-group style-10179-spacing style-local-14166-c10-spacing\"><span class=\"h-button__outer style-10180-outer style-local-14166-c11-outer d-inline-flex h-element\"><a h-use-smooth-scroll=\"true\" href=\"https:\/\/meczennicy.waw.pl\/wp-content\/uploads\/2026\/05\/STANDARDY-OCHRONY-DZIECI-W-DUSZPASTERSTWIE-PARAFIALNYM-GROCHOW.pdf\"  data-colibri-id=\"14166-c11\" class=\"d-flex w-100 align-items-center h-button justify-content-lg-center justify-content-md-center justify-content-center style-10180 style-local-14166-c11 position-relative\"><!----><!----> <span>Zapoznaj si\u0119<\/span><\/a>\n                    <\/span>\n                  <\/div>\n                <\/div>\n              <\/div>\n            <\/div>\n          <\/div>\n          <div class=\"h-column h-column-container d-flex h-col-lg-auto h-col-md-auto h-col-auto style-10177-outer style-local-14166-c12-outer\">\n            <div data-colibri-id=\"14166-c12\" class=\"d-flex h-flex-basis h-column__inner h-px-lg-2 h-px-md-2 h-px-2 v-inner-lg-2 v-inner-md-2 v-inner-2 style-10177 style-local-14166-c12 position-relative\">\n              <!---->\n              <!---->\n              <div class=\"w-100 h-y-container h-column__content h-column__v-align flex-basis-100 align-self-lg-start align-self-md-start align-self-start\">\n                <!---->\n                <div data-colibri-id=\"14166-c13\" class=\"h-global-transition-all h-heading style-10178 style-local-14166-c13 position-relative h-element\">\n                  <!---->\n                  <div class=\"h-heading__outer style-10178 style-local-14166-c13\">\n                    <!---->\n                    <!---->\n                    <h6 class=\"\">kontakt z osob\u0105 zaufan\u0105 poprzez adres mailowy:&nbsp;\n                      <br>\n                    <\/h6>\n                  <\/div>\n                <\/div>\n              <\/div>\n            <\/div>\n          <\/div>\n        <\/div>\n      <\/div>\n    <\/div>\n  <\/div>\n  <div data-colibri-component=\"section\" data-colibri-id=\"14166-c14\" id=\"custom-3\" class=\"h-section h-section-global-spacing d-flex align-items-lg-center align-items-md-center align-items-center style-10181 style-local-14166-c14 position-relative\">\n    <!---->\n    <!---->\n    <div class=\"h-section-grid-container h-section-boxed-container\">\n      <!---->\n      <div data-colibri-id=\"14166-c15\" class=\"h-row-container gutters-row-lg-2 gutters-row-md-2 gutters-row-0 gutters-row-v-lg-2 gutters-row-v-md-2 gutters-row-v-2 style-10182 style-local-14166-c15 position-relative\">\n        <!---->\n        <div class=\"h-row justify-content-lg-center justify-content-md-center justify-content-center align-items-lg-stretch align-items-md-stretch align-items-stretch gutters-col-lg-2 gutters-col-md-2 gutters-col-0 gutters-col-v-lg-2 gutters-col-v-md-2 gutters-col-v-2\">\n          <!---->\n          <div class=\"h-column h-column-container d-flex h-col-lg-auto h-col-md-auto h-col-auto style-10183-outer style-local-14166-c16-outer\">\n            <div data-colibri-id=\"14166-c16\" class=\"d-flex h-flex-basis h-column__inner h-px-lg-2 h-px-md-2 h-px-2 v-inner-lg-2 v-inner-md-2 v-inner-2 style-10183 style-local-14166-c16 position-relative\">\n              <!---->\n              <!---->\n              <div class=\"w-100 h-y-container h-column__content h-column__v-align flex-basis-100 align-self-lg-start align-self-md-start align-self-start\">\n                <!---->\n                <div data-colibri-id=\"14166-c17\" class=\"d-block style-10184 style-local-14166-c17 position-relative h-element\">\n                  <!---->\n                  <div class=\"h-image__frame-container-outer\">\n                    <a href=\"https:\/\/meczennicy.waw.pl\/\" h-use-smooth-scroll=\"true\" class=\"image-link\">\n                      <div class=\"h-image__frame-container\">\n                        <!---->\n                        <!---->\n                        <img loading=\"lazy\" decoding=\"async\" width=\"956\" height=\"345\" src=\"https:\/\/meczennicy.waw.pl\/wp-content\/uploads\/2026\/05\/logo_345_dark.png\" class=\"wp-image-14230 style-10184-image style-local-14166-c17-image\" alt=\"\" srcset=\"https:\/\/meczennicy.waw.pl\/wp-content\/uploads\/2026\/05\/logo_345_dark.png 956w, https:\/\/meczennicy.waw.pl\/wp-content\/uploads\/2026\/05\/logo_345_dark-300x108.png 300w, https:\/\/meczennicy.waw.pl\/wp-content\/uploads\/2026\/05\/logo_345_dark-768x277.png 768w\" sizes=\"auto, (max-width: 956px) 100vw, 956px\" \/>\n                        <div class=\"h-image__frame h-hide-lg h-hide-md h-hide-sm style-10184-frameImage style-local-14166-c17-frameImage\"><\/div>\n                      <\/div>\n                    <\/a>\n                  <\/div>\n                <\/div>\n              <\/div>\n            <\/div>\n          <\/div>\n        <\/div>\n      <\/div>\n    <\/div>\n  <\/div>\n<\/div>","protected":false},"excerpt":{"rendered":"<p>Publikujemy polityk\u0119 ochrony dzieci w duszpasterstwie parafialnym Parafii matki bo\u017cej kr\u00f3lowej polskich m\u0119czennik\u00f3w w Warszawie. Zapoznaj si\u0119 kontakt z osob\u0105 zaufan\u0105 poprzez adres mailowy:&nbsp;<\/p>\n","protected":false},"author":2,"featured_media":0,"parent":0,"menu_order":0,"comment_status":"closed","ping_status":"closed","template":"page-templates\/full-width-page.php","meta":{"footnotes":""},"class_list":["post-14166","page","type-page","status-publish","hentry"],"_links":{"self":[{"href":"https:\/\/meczennicy.waw.pl\/index.php\/wp-json\/wp\/v2\/pages\/14166","targetHints":{"allow":["GET"]}}],"collection":[{"href":"https:\/\/meczennicy.waw.pl\/index.php\/wp-json\/wp\/v2\/pages"}],"about":[{"href":"https:\/\/meczennicy.waw.pl\/index.php\/wp-json\/wp\/v2\/types\/page"}],"author":[{"embeddable":true,"href":"https:\/\/meczennicy.waw.pl\/index.php\/wp-json\/wp\/v2\/users\/2"}],"replies":[{"embeddable":true,"href":"https:\/\/meczennicy.waw.pl\/index.php\/wp-json\/wp\/v2\/comments?post=14166"}],"version-history":[{"count":13,"href":"https:\/\/meczennicy.waw.pl\/index.php\/wp-json\/wp\/v2\/pages\/14166\/revisions"}],"predecessor-version":[{"id":14254,"href":"https:\/\/meczennicy.waw.pl\/index.php\/wp-json\/wp\/v2\/pages\/14166\/revisions\/14254"}],"wp:attachment":[{"href":"https:\/\/meczennicy.waw.pl\/index.php\/wp-json\/wp\/v2\/media?parent=14166"}],"curies":[{"name":"wp","href":"https:\/\/api.w.org\/{rel}","templated":true}]}}