{"id":879,"date":"2022-04-11T20:40:06","date_gmt":"2022-04-11T20:40:06","guid":{"rendered":"https:\/\/meczennicy.waw.pl\/?page_id=879"},"modified":"2023-02-09T11:25:25","modified_gmt":"2023-02-09T11:25:25","slug":"odnowa-w-duchu-swietym","status":"publish","type":"page","link":"https:\/\/meczennicy.waw.pl\/index.php\/odnowa-w-duchu-swietym\/","title":{"rendered":"Odnowa w Duchu \u015awi\u0119tym"},"content":{"rendered":"<div data-colibri-id=\"879-c1\" class=\"style-969 style-local-879-c1 position-relative\">\n  <!---->\n  <div data-colibri-component=\"section\" data-colibri-id=\"879-c2\" id=\"reusable-sections\" class=\"h-section h-section-global-spacing d-flex align-items-lg-center align-items-md-center align-items-center style-970 style-local-879-c2 position-relative\">\n    <!---->\n    <!---->\n    <div class=\"h-section-grid-container h-section-boxed-container\">\n      <!---->\n      <div data-colibri-id=\"879-c3\" class=\"h-row-container gutters-row-lg-2 gutters-row-md-2 gutters-row-0 gutters-row-v-lg-2 gutters-row-v-md-2 gutters-row-v-2 style-971 style-local-879-c3 position-relative\">\n        <!---->\n        <div class=\"h-row justify-content-lg-center justify-content-md-center justify-content-center align-items-lg-stretch align-items-md-stretch align-items-stretch gutters-col-lg-2 gutters-col-md-2 gutters-col-0 gutters-col-v-lg-2 gutters-col-v-md-2 gutters-col-v-2\">\n          <!---->\n          <div class=\"h-column h-column-container d-flex h-col-lg-auto h-col-md-auto h-col-auto style-972-outer style-local-879-c4-outer\">\n            <div data-colibri-id=\"879-c4\" class=\"d-flex h-flex-basis h-column__inner h-px-lg-2 h-px-md-2 h-px-2 v-inner-lg-2 v-inner-md-2 v-inner-2 style-972 style-local-879-c4 position-relative\">\n              <!---->\n              <!---->\n              <div class=\"w-100 h-y-container h-column__content h-column__v-align flex-basis-100 align-self-lg-start align-self-md-start align-self-start\">\n                <!---->\n                <div data-colibri-id=\"879-c5\" class=\"h-global-transition-all h-heading style-973 style-local-879-c5 position-relative h-element\">\n                  <!---->\n                  <div class=\"h-heading__outer style-973 style-local-879-c5\">\n                    <!---->\n                    <!---->\n                    <h1 class=\"\">Odnowa w Duchu \u015awi\u0119tym<\/h1>\n                  <\/div>\n                <\/div>\n              <\/div>\n            <\/div>\n          <\/div>\n        <\/div>\n      <\/div>\n      <div data-colibri-id=\"879-c6\" class=\"h-row-container gutters-row-lg-2 gutters-row-md-2 gutters-row-0 gutters-row-v-lg-2 gutters-row-v-md-2 gutters-row-v-2 style-974 style-local-879-c6 position-relative\">\n        <!---->\n        <div class=\"h-row justify-content-lg-center justify-content-md-center justify-content-center align-items-lg-stretch align-items-md-stretch align-items-stretch gutters-col-lg-2 gutters-col-md-2 gutters-col-0 gutters-col-v-lg-2 gutters-col-v-md-2 gutters-col-v-2\">\n          <!---->\n          <div class=\"h-column h-column-container d-flex h-col-lg-auto h-col-md-auto h-col-auto style-975-outer style-local-879-c7-outer\">\n            <div data-colibri-id=\"879-c7\" class=\"d-flex h-flex-basis h-column__inner h-px-lg-2 h-px-md-2 h-px-2 v-inner-lg-2 v-inner-md-2 v-inner-2 style-975 style-local-879-c7 position-relative\">\n              <!---->\n              <!---->\n              <div class=\"w-100 h-y-container h-column__content h-column__v-align flex-basis-100 align-self-lg-start align-self-md-start align-self-start\">\n                <!---->\n                <div data-colibri-id=\"879-c8\" class=\"h-text h-text-component style-976 style-local-879-c8 position-relative h-element\">\n                  <!---->\n                  <!---->\n                  <div class=\"\">\n                    <p>Nasza grupa modlitewna Odnowy w Duchu \u015awi\u0119tym &#8222;Zbawiciel&#8221;, dzia\u0142aj\u0105ca przy parafii Matki Bo\u017cej Kr\u00f3lowej Polskich M\u0119czennik\u00f3w powsta\u0142a w 1987 roku i od tego czasu aktywnie dzia\u0142a w naszej parafii. Liderem wsp\u00f3lnoty jest Jaros\u0142aw Zembrzuski,\n                      a opiekunem ks. Jacek Doma\u0144ski. <\/p>\n                    <p>Nasze cotygodniowe spotkania odbywaj\u0105 si\u0119 w salce parafialnej w czwartki o godzinie 19.00 i rozpoczynaj\u0105 od zapraszania na nie Ducha \u015awi\u0119tego, Maryi oraz innych \u015bwi\u0119tych i anio\u0142\u00f3w. Nast\u0119pny element to modlitwa przeb\u0142agalna, b\u0142agalna\n                      i skrucha, a po niej nast\u0119puje czas uwielbienia Boga i oddawania Mu chwa\u0142y. Centralnym punktem naszych spotka\u0144 jest rozwa\u017canie S\u0142owa Bo\u017cego i dzielenie si\u0119 Nim. Po tym czasie dzi\u0119kujemy Panu za Jego S\u0142owo oraz wszelkie \u0142aski, kt\u00f3rymi\n                      nas obdarza. <\/p>\n                    <p>W pierwsze czwartki miesi\u0105ca prowadzimy w ko\u015bciele modlitw\u0119 uwielbienia przed Naj\u015bwi\u0119tszym Sakramentem, dzi\u0119kuj\u0105c za duchowie\u0144stwo oraz prosz\u0105c o nowe powo\u0142ania kap\u0142a\u0144skie, zakonne i misyjne, by nigdy nie zabrak\u0142o szafarzy Bo\u017cych tajemnic\n                      i tych, kt\u00f3rzy zanios\u0105 \u015bwiatu Dobr\u0105 Nowin\u0119 o zbawieniu.<\/p>\n                    <p>Nasza wsp\u00f3lnota organizowa\u0142a te\u017c dwukrotnie Rekolekcje Ewangelizacyjne Odnowy w Duchu \u015awi\u0119tym (REO), kt\u00f3re prowadz\u0105 do spotkania z Bogiem, do\u015bwiadczeniu Jego mi\u0142o\u015bci, a tak\u017ce do podj\u0119cia \u015bwiadomej decyzji o oddaniu swojego \u017cycia Chrystusowi\n                      i uznaniu Go jako swojego Pana i Zbawiciela.<\/p>\n                    <p>W wigili\u0119 Zes\u0142ania Ducha \u015awi\u0119tego organizujemy w ko\u015bciele czuwanie modlitewne, a na \u015awi\u0119to Naj\u015bwi\u0119tszego Cia\u0142a i Krwi Chrystusa przygotowujemy o\u0142tarz oraz uczestniczymy w procesji. Bierzemy te\u017c aktywny udzia\u0142 w parafialnych dzia\u0142aniach\n                      inicjowanych przez ks. Proboszcza lub inne wsp\u00f3lnoty. <\/p>\n                    <p>Cz\u0142onkowie naszej wsp\u00f3lnoty podejmuj\u0105 te\u017c formacj\u0119 uczestnicz\u0105c w inicjatywach rekolekcyjnych i szkoleniowych organizowanych przez O\u015brodek Odnowy w Duchu \u015awi\u0119tym w Diecezji Warszawsko Praskiej. Bior\u0105 te\u017c udzia\u0142 w corocznym Og\u00f3lnopolskim\n                      Czuwaniu Odnowy w Duchu \u015awi\u0119tym na Jasnej G\u00f3rze. <\/p>\n                  <\/div>\n                <\/div>\n                <div data-colibri-id=\"879-c9\" class=\"h-x-container style-977 style-local-879-c9 position-relative h-element\">\n                  <!---->\n                  <div class=\"h-x-container-inner style-dynamic-879-c9-group style-977-spacing style-local-879-c9-spacing\"><span class=\"h-button__outer style-978-outer style-local-879-c10-outer d-inline-flex h-element\"><a h-use-smooth-scroll=\"true\" href=\"http:\/\/odnowa.diecezja.waw.pl\" target=\"_blank\" data-colibri-id=\"879-c10\" class=\"d-flex w-100 align-items-center h-button justify-content-lg-center justify-content-md-center justify-content-center style-978 style-local-879-c10 position-relative\" rel=\"noopener\"><!----><!----> <span>www.odnowa.diecezja.waw.pl<\/span><\/a>\n                    <\/span>\n                  <\/div>\n                <\/div>\n              <\/div>\n            <\/div>\n          <\/div>\n        <\/div>\n      <\/div>\n    <\/div>\n  <\/div>\n  <div data-colibri-component=\"section\" data-colibri-id=\"879-c11\" id=\"custom\" class=\"h-section h-section-global-spacing d-flex align-items-lg-center align-items-md-center align-items-center style-8589 style-local-879-c11 position-relative\">\n    <!---->\n    <!---->\n    <div class=\"h-section-grid-container h-section-boxed-container\">\n      <!---->\n      <div data-colibri-id=\"879-c12\" class=\"h-row-container gutters-row-lg-2 gutters-row-md-2 gutters-row-0 gutters-row-v-lg-2 gutters-row-v-md-2 gutters-row-v-2 style-8592 style-local-879-c12 position-relative\">\n        <!---->\n        <div class=\"h-row justify-content-lg-center justify-content-md-center justify-content-center align-items-lg-stretch align-items-md-stretch align-items-stretch gutters-col-lg-2 gutters-col-md-2 gutters-col-0 gutters-col-v-lg-2 gutters-col-v-md-2 gutters-col-v-2\">\n          <!---->\n          <div class=\"h-column h-column-container d-flex h-col-lg-auto h-col-md-auto h-col-auto style-8593-outer style-local-879-c13-outer\">\n            <div data-colibri-id=\"879-c13\" class=\"d-flex h-flex-basis h-column__inner h-px-lg-2 h-px-md-2 h-px-2 v-inner-lg-2 v-inner-md-2 v-inner-2 style-8593 style-local-879-c13 position-relative\">\n              <!---->\n              <!---->\n              <div class=\"w-100 h-y-container h-column__content h-column__v-align flex-basis-100 align-self-lg-start align-self-md-start align-self-start\">\n                <!---->\n                <div data-colibri-id=\"879-c14\" class=\"h-x-container style-8595 style-local-879-c14 position-relative h-element\">\n                  <!---->\n                  <div class=\"h-x-container-inner style-dynamic-879-c14-group style-8595-spacing style-local-879-c14-spacing\"><span class=\"h-button__outer style-8596-outer style-local-879-c15-outer d-inline-flex h-element\"><a h-use-smooth-scroll=\"true\" href=\"https:\/\/odnowa.org\"  data-colibri-id=\"879-c15\" class=\"d-flex w-100 align-items-center h-button justify-content-lg-center justify-content-md-center justify-content-center style-8596 style-local-879-c15 position-relative\"><!----><!----> <span>www.odnowa.org<\/span><\/a>\n                    <\/span>\n                  <\/div>\n                <\/div>\n                <div data-colibri-id=\"879-c16\" class=\"h-text h-text-component style-8594 style-local-879-c16 position-relative h-element\">\n                  <!---->\n                  <!---->\n                  <div class=\"\">\n                    <h3><strong>Czym jest Odnowa w Duchu \u015awi\u0119tym<\/strong><\/h3>\n                    <p>Katolicka Odnowa w Duchu \u015awi\u0119tym jest ruchem zainspirowanym przez dzia\u0142anie Ducha \u015awi\u0119tego. Jej historia zwi\u0105zana jest z wydarzeniami z 1967 r., jakie mia\u0142y miejsce w Stanach Zjednoczonych. 18 lutego 1967 r. trzydziestoosobowa grupa\n                      student\u00f3w i profesor\u00f3w Uniwersytetu Duquesne w Pittsburgu wybra\u0142a si\u0119 na weekendowy wyjazd, by szuka\u0107 woli Bo\u017cej w swym \u017cyciu. W czasie tych rekolekcji do\u015bwiadczyli mocnego dzia\u0142ania Ducha \u015awi\u0119tego. Nowe prze\u017cycie nie wi\u0105za\u0142o si\u0119\n                      jedynie z kilkugodzinnymi spotkaniami modlitewnymi, podczas kt\u00f3rych objawia\u0142y si\u0119 charyzmaty, ale przemieni\u0142o ca\u0142e ich \u017cycie. Odczuwano blisko\u015b\u0107 Boga i zwi\u0105zane z tym pragnienie modlitwy oraz czytania s\u0142owa Bo\u017cego. Prawie wszyscy\n                      odkryli w sobie odwag\u0119 wiary, pragnienie dawania \u015bwiadectwa o Jezusie, wobec przyjaci\u00f3\u0142 i obcych. Wkr\u00f3tce wydarzenia te nabra\u0142y rozg\u0142osu a ruch rozszerza\u0142 si\u0119, najcz\u0119\u015bciej drog\u0105 kontakt\u00f3w indywidualnych. Zacz\u0105\u0142 wychodzi\u0107 poza \u015brodowiska\n                      uniwersyteckie. Nied\u0142ugo p\u00f3\u017aniej okaza\u0142o si\u0119, \u017ce grupy modlitewne powstaj\u0105 niemal w ka\u017cdej cz\u0119\u015bci Stan\u00f3w. Odnowa ogarnia\u0142a powoli ca\u0142y Ko\u015bci\u00f3\u0142 Katolicki. W r\u00f3\u017cnych miejscach zacz\u0119\u0142y si\u0119 pojawia\u0107 pierwsze grupy modlitewne Odnowy Charyzmatycznej.<\/p>\n                    <p>W Polsce pierwsze grupy pojawi\u0142y si\u0119 ju\u017c w latach 70-tych. Od 1977 r. dzia\u0142a Krajowy Zesp\u00f3\u0142 Koordynator\u00f3w sk\u0142adaj\u0105cy si\u0119 duchownych i \u015bwieckich przedstawicieli wszystkich diecezji polskich, dostarczaj\u0105cy informacji i organizuj\u0105cy r\u00f3\u017cnego\n                      typu spotkania w wymiarze mi\u0119dzynarodowym i krajowym. Jednym z nich jest coroczne czuwanie wszystkich grup Odnowy w Duchu \u015awi\u0119tym na Jasnej G\u00f3rze. Obecnie w ca\u0142ej Polsce dzia\u0142a oko\u0142o 650 grup Odnowy w Duchu \u015awi\u0119tym.<\/p>\n                    <p>\n                      <br>\n                    <\/p>\n                  <\/div>\n                <\/div>\n              <\/div>\n            <\/div>\n          <\/div>\n        <\/div>\n      <\/div>\n    <\/div>\n  <\/div>\n<\/div>","protected":false},"excerpt":{"rendered":"<p>Odnowa w Duchu \u015awi\u0119tym Nasza grupa modlitewna Odnowy w Duchu \u015awi\u0119tym &#8222;Zbawiciel&#8221;, dzia\u0142aj\u0105ca przy parafii Matki Bo\u017cej Kr\u00f3lowej Polskich M\u0119czennik\u00f3w powsta\u0142a w 1987 roku i od tego czasu aktywnie dzia\u0142a w naszej parafii. Liderem wsp\u00f3lnoty jest Jaros\u0142aw Zembrzuski, a opiekunem ks. Jacek Doma\u0144ski. Nasze cotygodniowe spotkania odbywaj\u0105 si\u0119 w salce parafialnej w czwartki o godzinie [&hellip;]<\/p>\n","protected":false},"author":1,"featured_media":0,"parent":0,"menu_order":0,"comment_status":"closed","ping_status":"closed","template":"page-templates\/full-width-page.php","meta":{"footnotes":""},"class_list":["post-879","page","type-page","status-publish","hentry"],"_links":{"self":[{"href":"https:\/\/meczennicy.waw.pl\/index.php\/wp-json\/wp\/v2\/pages\/879","targetHints":{"allow":["GET"]}}],"collection":[{"href":"https:\/\/meczennicy.waw.pl\/index.php\/wp-json\/wp\/v2\/pages"}],"about":[{"href":"https:\/\/meczennicy.waw.pl\/index.php\/wp-json\/wp\/v2\/types\/page"}],"author":[{"embeddable":true,"href":"https:\/\/meczennicy.waw.pl\/index.php\/wp-json\/wp\/v2\/users\/1"}],"replies":[{"embeddable":true,"href":"https:\/\/meczennicy.waw.pl\/index.php\/wp-json\/wp\/v2\/comments?post=879"}],"version-history":[{"count":8,"href":"https:\/\/meczennicy.waw.pl\/index.php\/wp-json\/wp\/v2\/pages\/879\/revisions"}],"predecessor-version":[{"id":9534,"href":"https:\/\/meczennicy.waw.pl\/index.php\/wp-json\/wp\/v2\/pages\/879\/revisions\/9534"}],"wp:attachment":[{"href":"https:\/\/meczennicy.waw.pl\/index.php\/wp-json\/wp\/v2\/media?parent=879"}],"curies":[{"name":"wp","href":"https:\/\/api.w.org\/{rel}","templated":true}]}}